{"id":94,"date":"2020-01-30T13:55:00","date_gmt":"2020-01-30T13:55:00","guid":{"rendered":"http:\/\/localhost\/telecenterab\/?page_id=94"},"modified":"2025-08-29T08:43:12","modified_gmt":"2025-08-29T07:43:12","slug":"passagesystem","status":"publish","type":"page","link":"https:\/\/www.telecenterab.se\/?page_id=94","title":{"rendered":"Passage- &#038; Larmsystem"},"content":{"rendered":"\n<figure class=\"wp-block-pullquote has-medium-font-size\" style=\"padding-top:0;padding-bottom:0\"><blockquote><p>&#8221; Telecenter&nbsp;har den r\u00e4tta l\u00f6sningen n\u00e4r det g\u00e4ller integrerade  installationer &#8221;<\/p><\/blockquote><\/figure>\n\n\n\n<div class=\"wp-block-columns is-not-stacked-on-mobile is-layout-flex wp-container-core-columns-is-layout-9d6595d7 wp-block-columns-is-layout-flex\">\n<div class=\"wp-block-column is-layout-flow wp-block-column-is-layout-flow\" style=\"flex-basis:80%\">\n<p>I en verksamhet d\u00e4r m\u00e5nga m\u00e4nniskor passerar in och ut \u00e4r det inte bara smidigt med ett elektroniskt passersystem, det h\u00f6jer ocks\u00e5 s\u00e4kerheten. N\u00e4r kort eller taggar anv\u00e4nds slipper man dyr och os\u00e4ker nyckelhantering samtidigt som medarbetarna kan ha olika beh\u00f6righeter beroende p\u00e5 funktion eller ansvarsomr\u00e5de. Anv\u00e4ndaren kan ocks\u00e5 konfigurera systemet f\u00f6r att passa sitt unika behov, till exempel vill man kanske att alla medarbetare alltid ska g\u00e5 in genom huvuding\u00e5ngen, annars fungerar inte deras tag eller kort p\u00e5 n\u00e5gon annan d\u00f6rr. Passerl\u00f6sningen \u00e4r skalbar och passar med andra ord alla behov. Dessutom administreras allt fr\u00e5n en och samma programvara, oavsett om det g\u00e4ller en mindre industrilokal eller flera platser utspridda i landet. <\/p>\n<\/div>\n\n\n\n<div class=\"wp-block-column is-layout-flow wp-block-column-is-layout-flow\" style=\"flex-basis:20%\"><div class=\"wp-block-image\">\n<figure class=\"alignleft size-medium\"><img loading=\"lazy\" decoding=\"async\" width=\"300\" height=\"300\" src=\"http:\/\/www.telecenterab.se\/wp-content\/uploads\/2020\/02\/passerfacebook170908-300x300.jpg\" alt=\"\" class=\"wp-image-344\" srcset=\"https:\/\/www.telecenterab.se\/wp-content\/uploads\/2020\/02\/passerfacebook170908-300x300.jpg 300w, https:\/\/www.telecenterab.se\/wp-content\/uploads\/2020\/02\/passerfacebook170908-1024x1024.jpg 1024w, https:\/\/www.telecenterab.se\/wp-content\/uploads\/2020\/02\/passerfacebook170908-150x150.jpg 150w, https:\/\/www.telecenterab.se\/wp-content\/uploads\/2020\/02\/passerfacebook170908-768x768.jpg 768w, https:\/\/www.telecenterab.se\/wp-content\/uploads\/2020\/02\/passerfacebook170908-1536x1536.jpg 1536w, https:\/\/www.telecenterab.se\/wp-content\/uploads\/2020\/02\/passerfacebook170908-2048x2048.jpg 2048w\" sizes=\"auto, (max-width: 300px) 100vw, 300px\" \/><\/figure>\n<\/div><\/div>\n<\/div>\n\n\n\n<p>Ett inbrottslarm \u00e4r som allra mest effektivt n\u00e4r det har en avskr\u00e4ckande verkan s\u00e5 att personer med planer p\u00e5 inbrott avst\u00e5r fr\u00e5n att g\u00f6ra ett f\u00f6rs\u00f6k. Larmet kan \u00e4ven avbryta ett p\u00e5g\u00e5ende inbrottsf\u00f6rs\u00f6k genom att kraftiga sirener och blixtljus g\u00e5r ig\u00e5ng i och utanf\u00f6r fastigheten. Genom dessa blir omgivningen varse om vad som p\u00e5g\u00e5r. En vanlig l\u00f6sning \u00e4r att larmet \u00e4ven g\u00e5r direkt till en larmcentral s\u00e5 att en utryckning till platsen f\u00f6r inbrottet kan ske.<\/p>\n\n\n\n<div style=\"height:51px\" aria-hidden=\"true\" class=\"wp-block-spacer\"><\/div>\n\n\n\n<blockquote class=\"wp-block-quote is-layout-flow wp-block-quote-is-layout-flow\">\n<p class=\"has-text-align-center has-medium-font-size\" style=\"font-style:normal;font-weight:300\">Produkterna k\u00e4nnetecknas av den b\u00e4sta m\u00f6jliga detekteringen och drifttid, samt att antalet o\u00f6nskade larm reduceras.<\/p>\n<\/blockquote>\n\n\n\n<div class=\"wp-block-columns is-layout-flex wp-container-core-columns-is-layout-9d6595d7 wp-block-columns-is-layout-flex\">\n<div class=\"wp-block-column is-layout-flow wp-block-column-is-layout-flow\">\n<div class=\"wp-block-columns is-not-stacked-on-mobile is-layout-flex wp-container-core-columns-is-layout-9d6595d7 wp-block-columns-is-layout-flex\">\n<div class=\"wp-block-column is-layout-flow wp-block-column-is-layout-flow\">\n<figure class=\"wp-block-image size-large\"><img loading=\"lazy\" decoding=\"async\" width=\"682\" height=\"1024\" src=\"http:\/\/www.telecenterab.se\/wp-content\/uploads\/2025\/08\/Robbin-Nilsson-682x1024.png\" alt=\"\" class=\"wp-image-1185\" srcset=\"https:\/\/www.telecenterab.se\/wp-content\/uploads\/2025\/08\/Robbin-Nilsson-682x1024.png 682w, https:\/\/www.telecenterab.se\/wp-content\/uploads\/2025\/08\/Robbin-Nilsson-200x300.png 200w, https:\/\/www.telecenterab.se\/wp-content\/uploads\/2025\/08\/Robbin-Nilsson-768x1152.png 768w, https:\/\/www.telecenterab.se\/wp-content\/uploads\/2025\/08\/Robbin-Nilsson-1024x1536.png 1024w, https:\/\/www.telecenterab.se\/wp-content\/uploads\/2025\/08\/Robbin-Nilsson.png 1181w\" sizes=\"auto, (max-width: 682px) 100vw, 682px\" \/><\/figure>\n<\/div>\n\n\n\n<div class=\"wp-block-column is-vertically-aligned-center is-layout-flow wp-block-column-is-layout-flow\">\n<h4 class=\"wp-block-heading\">Vill du k\u00e4nna dig tryggare?<\/h4>\n\n\n\n<p>Kontakta Robin Nilsson<br>0491 &#8211; 78 43 07<br><a href=\"mailto:robin@telecenterab.se\" target=\"_blank\" rel=\"noreferrer noopener\">robin@telecenterab.se<\/a><\/p>\n<\/div>\n<\/div>\n<\/div>\n\n\n\n<div class=\"wp-block-column is-vertically-aligned-center is-layout-flow wp-block-column-is-layout-flow\">\n<div class=\"wp-block-columns is-not-stacked-on-mobile is-layout-flex wp-container-core-columns-is-layout-9d6595d7 wp-block-columns-is-layout-flex\">\n<div class=\"wp-block-column is-layout-flow wp-block-column-is-layout-flow\"><div class=\"wp-block-image\">\n<figure class=\"alignright size-medium\"><img loading=\"lazy\" decoding=\"async\" width=\"300\" height=\"206\" src=\"https:\/\/www.telecenterab.se\/wp-content\/uploads\/2025\/08\/Behorig-ingejor-inbrott-300x206.jpg\" alt=\"\" class=\"wp-image-1203\" style=\"object-fit:cover\" srcset=\"https:\/\/www.telecenterab.se\/wp-content\/uploads\/2025\/08\/Behorig-ingejor-inbrott-300x206.jpg 300w, https:\/\/www.telecenterab.se\/wp-content\/uploads\/2025\/08\/Behorig-ingejor-inbrott.jpg 756w\" sizes=\"auto, (max-width: 300px) 100vw, 300px\" \/><\/figure>\n<\/div><\/div>\n\n\n\n<div class=\"wp-block-column is-layout-flow wp-block-column-is-layout-flow\"><div class=\"wp-block-image\">\n<figure class=\"alignleft size-medium\"><img loading=\"lazy\" decoding=\"async\" width=\"300\" height=\"206\" src=\"https:\/\/www.telecenterab.se\/wp-content\/uploads\/2025\/08\/Cert-Anlaggarfirma-Inbrott-300x206.jpg\" alt=\"\" class=\"wp-image-1202\" style=\"object-fit:cover\" srcset=\"https:\/\/www.telecenterab.se\/wp-content\/uploads\/2025\/08\/Cert-Anlaggarfirma-Inbrott-300x206.jpg 300w, https:\/\/www.telecenterab.se\/wp-content\/uploads\/2025\/08\/Cert-Anlaggarfirma-Inbrott.jpg 756w\" sizes=\"auto, (max-width: 300px) 100vw, 300px\" \/><\/figure>\n<\/div><\/div>\n<\/div>\n<\/div>\n<\/div>\n","protected":false},"excerpt":{"rendered":"<p>&#8221; Telecenter&nbsp;har den r\u00e4tta l\u00f6sningen n\u00e4r det g\u00e4ller integrerade installationer &#8221; I en verksamhet d\u00e4r m\u00e5nga m\u00e4nniskor passerar in och ut \u00e4r det inte bara smidigt med ett elektroniskt passersystem, det h\u00f6jer ocks\u00e5 s\u00e4kerheten. N\u00e4r kort eller taggar anv\u00e4nds slipper man dyr och os\u00e4ker nyckelhantering samtidigt som medarbetarna kan ha olika beh\u00f6righeter beroende p\u00e5 funktion <a href=\"https:\/\/www.telecenterab.se\/?page_id=94\" class=\"read-more below\">READ MORE<\/a><\/p>\n","protected":false},"author":2,"featured_media":0,"parent":83,"menu_order":0,"comment_status":"closed","ping_status":"closed","template":"","meta":{"_monsterinsights_skip_tracking":false,"_monsterinsights_sitenote_active":false,"_monsterinsights_sitenote_note":"","_monsterinsights_sitenote_category":0,"footnotes":""},"class_list":["post-94","page","type-page","status-publish","hentry"],"_links":{"self":[{"href":"https:\/\/www.telecenterab.se\/index.php?rest_route=\/wp\/v2\/pages\/94","targetHints":{"allow":["GET"]}}],"collection":[{"href":"https:\/\/www.telecenterab.se\/index.php?rest_route=\/wp\/v2\/pages"}],"about":[{"href":"https:\/\/www.telecenterab.se\/index.php?rest_route=\/wp\/v2\/types\/page"}],"author":[{"embeddable":true,"href":"https:\/\/www.telecenterab.se\/index.php?rest_route=\/wp\/v2\/users\/2"}],"replies":[{"embeddable":true,"href":"https:\/\/www.telecenterab.se\/index.php?rest_route=%2Fwp%2Fv2%2Fcomments&post=94"}],"version-history":[{"count":37,"href":"https:\/\/www.telecenterab.se\/index.php?rest_route=\/wp\/v2\/pages\/94\/revisions"}],"predecessor-version":[{"id":1325,"href":"https:\/\/www.telecenterab.se\/index.php?rest_route=\/wp\/v2\/pages\/94\/revisions\/1325"}],"up":[{"embeddable":true,"href":"https:\/\/www.telecenterab.se\/index.php?rest_route=\/wp\/v2\/pages\/83"}],"wp:attachment":[{"href":"https:\/\/www.telecenterab.se\/index.php?rest_route=%2Fwp%2Fv2%2Fmedia&parent=94"}],"curies":[{"name":"wp","href":"https:\/\/api.w.org\/{rel}","templated":true}]}}