{"id":9,"date":"2020-01-30T12:34:24","date_gmt":"2020-01-30T12:34:24","guid":{"rendered":"http:\/\/localhost\/telecenterab\/?page_id=9"},"modified":"2025-08-29T07:03:02","modified_gmt":"2025-08-29T06:03:02","slug":"medarbetare","status":"publish","type":"page","link":"https:\/\/www.telecenterab.se\/?page_id=9","title":{"rendered":"Medarbetare"},"content":{"rendered":"\n<hr class=\"wp-block-separator has-alpha-channel-opacity\"\/>\n\n\n\n<div class=\"wp-block-columns is-layout-flex wp-container-core-columns-is-layout-9d6595d7 wp-block-columns-is-layout-flex\">\n<div class=\"wp-block-column is-layout-flow wp-block-column-is-layout-flow\" style=\"flex-basis:50%\">\n<div class=\"wp-block-columns is-not-stacked-on-mobile is-layout-flex wp-container-core-columns-is-layout-9d6595d7 wp-block-columns-is-layout-flex\">\n<div class=\"wp-block-column is-layout-flow wp-block-column-is-layout-flow\" style=\"flex-basis:50%\">\n<figure class=\"wp-block-image size-large\"><img loading=\"lazy\" decoding=\"async\" width=\"682\" height=\"1024\" src=\"http:\/\/www.telecenterab.se\/wp-content\/uploads\/2025\/08\/Jesper-Jansson-682x1024.png\" alt=\"\" class=\"wp-image-1181\" srcset=\"https:\/\/www.telecenterab.se\/wp-content\/uploads\/2025\/08\/Jesper-Jansson-682x1024.png 682w, https:\/\/www.telecenterab.se\/wp-content\/uploads\/2025\/08\/Jesper-Jansson-200x300.png 200w, https:\/\/www.telecenterab.se\/wp-content\/uploads\/2025\/08\/Jesper-Jansson-768x1152.png 768w, https:\/\/www.telecenterab.se\/wp-content\/uploads\/2025\/08\/Jesper-Jansson-1024x1536.png 1024w, https:\/\/www.telecenterab.se\/wp-content\/uploads\/2025\/08\/Jesper-Jansson.png 1181w\" sizes=\"auto, (max-width: 682px) 100vw, 682px\" \/><\/figure>\n<\/div>\n\n\n\n<div class=\"wp-block-column is-vertically-aligned-center is-layout-flow wp-block-column-is-layout-flow\" style=\"flex-basis:50%\">\n<h2 class=\"wp-block-heading\">Jesper Jansson<\/h2>\n\n\n\n<p>Del\u00e4gare<br>Beh\u00f6rig ingenj\u00f6r brandlarm<br>S\u00e4ljare brandlarmsystem<br>0491 \u2013 78 43 18<br><a href=\"mailto:jesper@telecenterab.se\" target=\"_blank\" rel=\"noreferrer noopener\">jesper@telecenterab.se<\/a><\/p>\n<\/div>\n<\/div>\n<\/div>\n\n\n\n<div class=\"wp-block-column is-layout-flow wp-block-column-is-layout-flow\" style=\"flex-basis:50%\">\n<div class=\"wp-block-columns is-not-stacked-on-mobile is-layout-flex wp-container-core-columns-is-layout-9d6595d7 wp-block-columns-is-layout-flex\">\n<div class=\"wp-block-column is-layout-flow wp-block-column-is-layout-flow\">\n<figure class=\"wp-block-image size-large\"><img loading=\"lazy\" decoding=\"async\" width=\"682\" height=\"1024\" src=\"http:\/\/www.telecenterab.se\/wp-content\/uploads\/2025\/08\/Johan-Petersson-682x1024.png\" alt=\"\" class=\"wp-image-1182\" srcset=\"https:\/\/www.telecenterab.se\/wp-content\/uploads\/2025\/08\/Johan-Petersson-682x1024.png 682w, https:\/\/www.telecenterab.se\/wp-content\/uploads\/2025\/08\/Johan-Petersson-200x300.png 200w, https:\/\/www.telecenterab.se\/wp-content\/uploads\/2025\/08\/Johan-Petersson-768x1152.png 768w, https:\/\/www.telecenterab.se\/wp-content\/uploads\/2025\/08\/Johan-Petersson-1024x1536.png 1024w, https:\/\/www.telecenterab.se\/wp-content\/uploads\/2025\/08\/Johan-Petersson.png 1181w\" sizes=\"auto, (max-width: 682px) 100vw, 682px\" \/><\/figure>\n<\/div>\n\n\n\n<div class=\"wp-block-column is-vertically-aligned-center is-layout-flow wp-block-column-is-layout-flow\">\n<h2 class=\"wp-block-heading\">Johan Petersson<\/h2>\n\n\n\n<p>Del\u00e4gare<br>Ansvarig s\u00e4ljare kommunikation och fiber<br>0491 &#8211; 78 43 15<br><a href=\"mailto:johan@telecenterab.se\" target=\"_blank\" rel=\"noreferrer noopener\">johan@telecenterab.se<\/a><\/p>\n<\/div>\n<\/div>\n<\/div>\n<\/div>\n\n\n\n<div class=\"wp-block-columns is-layout-flex wp-container-core-columns-is-layout-66d11289 wp-block-columns-is-layout-flex\" style=\"padding-top:var(--wp--preset--spacing--20);padding-bottom:var(--wp--preset--spacing--20)\">\n<div class=\"wp-block-column is-layout-flow wp-block-column-is-layout-flow\">\n<div class=\"wp-block-columns is-not-stacked-on-mobile is-layout-flex wp-container-core-columns-is-layout-9d6595d7 wp-block-columns-is-layout-flex\">\n<div class=\"wp-block-column is-layout-flow wp-block-column-is-layout-flow\">\n<figure class=\"wp-block-image size-large\"><img loading=\"lazy\" decoding=\"async\" width=\"682\" height=\"1024\" src=\"https:\/\/www.telecenterab.se\/wp-content\/uploads\/2025\/08\/Peter-Jansson-682x1024.png\" alt=\"\" class=\"wp-image-1183\" srcset=\"https:\/\/www.telecenterab.se\/wp-content\/uploads\/2025\/08\/Peter-Jansson-682x1024.png 682w, https:\/\/www.telecenterab.se\/wp-content\/uploads\/2025\/08\/Peter-Jansson-200x300.png 200w, https:\/\/www.telecenterab.se\/wp-content\/uploads\/2025\/08\/Peter-Jansson-768x1152.png 768w, https:\/\/www.telecenterab.se\/wp-content\/uploads\/2025\/08\/Peter-Jansson-1024x1536.png 1024w, https:\/\/www.telecenterab.se\/wp-content\/uploads\/2025\/08\/Peter-Jansson.png 1181w\" sizes=\"auto, (max-width: 682px) 100vw, 682px\" \/><\/figure>\n<\/div>\n\n\n\n<div class=\"wp-block-column is-vertically-aligned-center is-layout-flow wp-block-column-is-layout-flow\">\n<h2 class=\"wp-block-heading\">Peter Jansson<\/h2>\n\n\n\n<p>Del\u00e4gare<br>Ansvarig s\u00e4ljare brandlarm- &amp; s\u00e4kerhetssystem<br>0491 &#8211; 78 43 03<br><a href=\"mailto:peter@telecenterab.se\" target=\"_blank\" rel=\"noreferrer noopener\">peter@telecenterab.se<\/a><\/p>\n<\/div>\n<\/div>\n<\/div>\n\n\n\n<div class=\"wp-block-column is-layout-flow wp-block-column-is-layout-flow\">\n<div class=\"wp-block-columns is-not-stacked-on-mobile is-layout-flex wp-container-core-columns-is-layout-9d6595d7 wp-block-columns-is-layout-flex\">\n<div class=\"wp-block-column is-layout-flow wp-block-column-is-layout-flow\">\n<figure class=\"wp-block-image size-large\"><img loading=\"lazy\" decoding=\"async\" width=\"682\" height=\"1024\" src=\"https:\/\/www.telecenterab.se\/wp-content\/uploads\/2025\/08\/Kalle-Eos-682x1024.png\" alt=\"\" class=\"wp-image-1184\" style=\"object-fit:cover\" srcset=\"https:\/\/www.telecenterab.se\/wp-content\/uploads\/2025\/08\/Kalle-Eos-682x1024.png 682w, https:\/\/www.telecenterab.se\/wp-content\/uploads\/2025\/08\/Kalle-Eos-200x300.png 200w, https:\/\/www.telecenterab.se\/wp-content\/uploads\/2025\/08\/Kalle-Eos-768x1152.png 768w, https:\/\/www.telecenterab.se\/wp-content\/uploads\/2025\/08\/Kalle-Eos-1024x1536.png 1024w, https:\/\/www.telecenterab.se\/wp-content\/uploads\/2025\/08\/Kalle-Eos.png 1181w\" sizes=\"auto, (max-width: 682px) 100vw, 682px\" \/><\/figure>\n<\/div>\n\n\n\n<div class=\"wp-block-column is-vertically-aligned-center is-layout-flow wp-block-column-is-layout-flow\">\n<h2 class=\"wp-block-heading\">Kalle Eos<\/h2>\n\n\n\n<p>Del\u00e4gare<br>S\u00e4ljare kommunikation &amp; fiber<br>0491 &#8211; 78 43 02<br><a href=\"mailto:kalle@telecenterab.se\" target=\"_blank\" rel=\"noreferrer noopener\">kalle@telecenterab.se<\/a><\/p>\n<\/div>\n<\/div>\n<\/div>\n<\/div>\n\n\n\n<div class=\"wp-block-columns is-layout-flex wp-container-core-columns-is-layout-9d6595d7 wp-block-columns-is-layout-flex\">\n<div class=\"wp-block-column is-layout-flow wp-block-column-is-layout-flow\">\n<div class=\"wp-block-columns is-not-stacked-on-mobile is-layout-flex wp-container-core-columns-is-layout-9d6595d7 wp-block-columns-is-layout-flex\">\n<div class=\"wp-block-column is-layout-flow wp-block-column-is-layout-flow\">\n<figure class=\"wp-block-image size-large\"><img loading=\"lazy\" decoding=\"async\" width=\"682\" height=\"1024\" src=\"https:\/\/www.telecenterab.se\/wp-content\/uploads\/2025\/08\/Robbin-Nilsson-682x1024.png\" alt=\"\" class=\"wp-image-1185\" srcset=\"https:\/\/www.telecenterab.se\/wp-content\/uploads\/2025\/08\/Robbin-Nilsson-682x1024.png 682w, https:\/\/www.telecenterab.se\/wp-content\/uploads\/2025\/08\/Robbin-Nilsson-200x300.png 200w, https:\/\/www.telecenterab.se\/wp-content\/uploads\/2025\/08\/Robbin-Nilsson-768x1152.png 768w, https:\/\/www.telecenterab.se\/wp-content\/uploads\/2025\/08\/Robbin-Nilsson-1024x1536.png 1024w, https:\/\/www.telecenterab.se\/wp-content\/uploads\/2025\/08\/Robbin-Nilsson.png 1181w\" sizes=\"auto, (max-width: 682px) 100vw, 682px\" \/><\/figure>\n<\/div>\n\n\n\n<div class=\"wp-block-column is-vertically-aligned-center is-layout-flow wp-block-column-is-layout-flow\">\n<h2 class=\"wp-block-heading\">Robin Nilsson<\/h2>\n\n\n\n<p>Beh\u00f6rig ingenj\u00f6r inbrottslarm<br>0491 &#8211; 78 43 07<br><a href=\"mailto:robin@telecenterab.se\" target=\"_blank\" rel=\"noreferrer noopener\">robin@telecenterab.se<\/a><\/p>\n<\/div>\n<\/div>\n<\/div>\n\n\n\n<div class=\"wp-block-column is-layout-flow wp-block-column-is-layout-flow\">\n<div class=\"wp-block-columns is-not-stacked-on-mobile is-layout-flex wp-container-core-columns-is-layout-9d6595d7 wp-block-columns-is-layout-flex\">\n<div class=\"wp-block-column is-layout-flow wp-block-column-is-layout-flow\">\n<figure class=\"wp-block-image size-large\"><img loading=\"lazy\" decoding=\"async\" width=\"682\" height=\"1024\" src=\"https:\/\/www.telecenterab.se\/wp-content\/uploads\/2025\/08\/Gustav-Nilsson-682x1024.png\" alt=\"\" class=\"wp-image-1186\" srcset=\"https:\/\/www.telecenterab.se\/wp-content\/uploads\/2025\/08\/Gustav-Nilsson-682x1024.png 682w, https:\/\/www.telecenterab.se\/wp-content\/uploads\/2025\/08\/Gustav-Nilsson-200x300.png 200w, https:\/\/www.telecenterab.se\/wp-content\/uploads\/2025\/08\/Gustav-Nilsson-768x1152.png 768w, https:\/\/www.telecenterab.se\/wp-content\/uploads\/2025\/08\/Gustav-Nilsson-1024x1536.png 1024w, https:\/\/www.telecenterab.se\/wp-content\/uploads\/2025\/08\/Gustav-Nilsson.png 1181w\" sizes=\"auto, (max-width: 682px) 100vw, 682px\" \/><\/figure>\n<\/div>\n\n\n\n<div class=\"wp-block-column is-vertically-aligned-center is-layout-flow wp-block-column-is-layout-flow\">\n<h2 class=\"wp-block-heading\">Gustav Nilsson<\/h2>\n\n\n\n<p>Beh\u00f6rig ingenj\u00f6r kamerabevakningssystem<br>0491 &#8211; 78 43 21<br><a href=\"mailto:gustav@telecenterab.se\" target=\"_blank\" rel=\"noreferrer noopener\">gustav@telecenterab.se<\/a><\/p>\n<\/div>\n<\/div>\n<\/div>\n<\/div>\n\n\n\n<hr class=\"wp-block-separator has-css-opacity is-style-wide\"\/>\n\n\n<h2 style=\"text-align: left;\">Administration<\/h2>\n\n\n<div class=\"wp-block-columns is-layout-flex wp-container-core-columns-is-layout-9d6595d7 wp-block-columns-is-layout-flex\">\n<div class=\"wp-block-column is-layout-flow wp-block-column-is-layout-flow\">\n<div class=\"wp-block-columns is-not-stacked-on-mobile is-layout-flex wp-container-core-columns-is-layout-9d6595d7 wp-block-columns-is-layout-flex\">\n<div class=\"wp-block-column is-layout-flow wp-block-column-is-layout-flow\">\n<figure class=\"wp-block-image size-large\"><img loading=\"lazy\" decoding=\"async\" width=\"682\" height=\"1024\" src=\"https:\/\/www.telecenterab.se\/wp-content\/uploads\/2025\/08\/Madeleine-Jansson--682x1024.png\" alt=\"\" class=\"wp-image-1187\" srcset=\"https:\/\/www.telecenterab.se\/wp-content\/uploads\/2025\/08\/Madeleine-Jansson--682x1024.png 682w, https:\/\/www.telecenterab.se\/wp-content\/uploads\/2025\/08\/Madeleine-Jansson--200x300.png 200w, https:\/\/www.telecenterab.se\/wp-content\/uploads\/2025\/08\/Madeleine-Jansson--768x1152.png 768w, https:\/\/www.telecenterab.se\/wp-content\/uploads\/2025\/08\/Madeleine-Jansson--1024x1536.png 1024w, https:\/\/www.telecenterab.se\/wp-content\/uploads\/2025\/08\/Madeleine-Jansson-.png 1181w\" sizes=\"auto, (max-width: 682px) 100vw, 682px\" \/><\/figure>\n<\/div>\n\n\n\n<div class=\"wp-block-column is-vertically-aligned-center is-layout-flow wp-block-column-is-layout-flow\">\n<h2 class=\"wp-block-heading\">Madelene Jansson<\/h2>\n\n\n\n<p>Ekonomi \/ administration<br>0491 -78 43 22<br><a href=\"mailto:madelene@telecenterab.se\" target=\"_blank\" rel=\"noreferrer noopener\">madelene@telecenterab.se<\/a><\/p>\n<\/div>\n<\/div>\n<\/div>\n\n\n\n<div class=\"wp-block-column is-layout-flow wp-block-column-is-layout-flow\">\n<div class=\"wp-block-columns is-not-stacked-on-mobile is-layout-flex wp-container-core-columns-is-layout-9d6595d7 wp-block-columns-is-layout-flex\">\n<div class=\"wp-block-column is-layout-flow wp-block-column-is-layout-flow\">\n<figure class=\"wp-block-image size-large\"><img loading=\"lazy\" decoding=\"async\" width=\"682\" height=\"1024\" src=\"https:\/\/www.telecenterab.se\/wp-content\/uploads\/2025\/08\/Fabiola-Jansson-682x1024.png\" alt=\"\" class=\"wp-image-1179\" srcset=\"https:\/\/www.telecenterab.se\/wp-content\/uploads\/2025\/08\/Fabiola-Jansson-682x1024.png 682w, https:\/\/www.telecenterab.se\/wp-content\/uploads\/2025\/08\/Fabiola-Jansson-200x300.png 200w, https:\/\/www.telecenterab.se\/wp-content\/uploads\/2025\/08\/Fabiola-Jansson-768x1152.png 768w, https:\/\/www.telecenterab.se\/wp-content\/uploads\/2025\/08\/Fabiola-Jansson-1024x1536.png 1024w, https:\/\/www.telecenterab.se\/wp-content\/uploads\/2025\/08\/Fabiola-Jansson.png 1181w\" sizes=\"auto, (max-width: 682px) 100vw, 682px\" \/><\/figure>\n<\/div>\n\n\n\n<div class=\"wp-block-column is-vertically-aligned-center is-layout-flow wp-block-column-is-layout-flow\">\n<h2 class=\"wp-block-heading\">Fabiola Jansson<\/h2>\n\n\n\n<p>Ekonomi<br>0491 &#8211; 78 43 04<br><a href=\"mailto:fabiola@telecenterab.se\" target=\"_blank\" rel=\"noreferrer noopener\">fabiola@telecenterab.se<\/a><\/p>\n<\/div>\n<\/div>\n<\/div>\n<\/div>\n\n\n\n<hr class=\"wp-block-separator has-css-opacity is-style-wide\"\/>\n\n\n<h2>Tekniker<\/h2>\n\n\n<div class=\"wp-block-columns is-layout-flex wp-container-core-columns-is-layout-9d6595d7 wp-block-columns-is-layout-flex\">\n<div class=\"wp-block-column is-layout-flow wp-block-column-is-layout-flow\">\n<div class=\"wp-block-columns is-not-stacked-on-mobile is-layout-flex wp-container-core-columns-is-layout-9d6595d7 wp-block-columns-is-layout-flex\">\n<div class=\"wp-block-column is-layout-flow wp-block-column-is-layout-flow\">\n<figure class=\"wp-block-image size-large\"><img loading=\"lazy\" decoding=\"async\" width=\"682\" height=\"1024\" src=\"https:\/\/www.telecenterab.se\/wp-content\/uploads\/2025\/08\/Bertil-Dagnas-682x1024.png\" alt=\"\" class=\"wp-image-1176\" srcset=\"https:\/\/www.telecenterab.se\/wp-content\/uploads\/2025\/08\/Bertil-Dagnas-682x1024.png 682w, https:\/\/www.telecenterab.se\/wp-content\/uploads\/2025\/08\/Bertil-Dagnas-200x300.png 200w, https:\/\/www.telecenterab.se\/wp-content\/uploads\/2025\/08\/Bertil-Dagnas-768x1152.png 768w, https:\/\/www.telecenterab.se\/wp-content\/uploads\/2025\/08\/Bertil-Dagnas-1024x1536.png 1024w, https:\/\/www.telecenterab.se\/wp-content\/uploads\/2025\/08\/Bertil-Dagnas.png 1181w\" sizes=\"auto, (max-width: 682px) 100vw, 682px\" \/><\/figure>\n<\/div>\n\n\n\n<div class=\"wp-block-column is-layout-flow wp-block-column-is-layout-flow\">\n<figure class=\"wp-block-image size-large\"><img loading=\"lazy\" decoding=\"async\" width=\"682\" height=\"1024\" src=\"https:\/\/www.telecenterab.se\/wp-content\/uploads\/2025\/08\/Mikael-Hjelmberg-682x1024.png\" alt=\"\" class=\"wp-image-1188\" srcset=\"https:\/\/www.telecenterab.se\/wp-content\/uploads\/2025\/08\/Mikael-Hjelmberg-682x1024.png 682w, https:\/\/www.telecenterab.se\/wp-content\/uploads\/2025\/08\/Mikael-Hjelmberg-200x300.png 200w, https:\/\/www.telecenterab.se\/wp-content\/uploads\/2025\/08\/Mikael-Hjelmberg-768x1152.png 768w, https:\/\/www.telecenterab.se\/wp-content\/uploads\/2025\/08\/Mikael-Hjelmberg-1024x1536.png 1024w, https:\/\/www.telecenterab.se\/wp-content\/uploads\/2025\/08\/Mikael-Hjelmberg.png 1181w\" sizes=\"auto, (max-width: 682px) 100vw, 682px\" \/><\/figure>\n<\/div>\n<\/div>\n<\/div>\n\n\n\n<div class=\"wp-block-column is-layout-flow wp-block-column-is-layout-flow\">\n<div class=\"wp-block-columns is-not-stacked-on-mobile is-layout-flex wp-container-core-columns-is-layout-9d6595d7 wp-block-columns-is-layout-flex\">\n<div class=\"wp-block-column is-layout-flow wp-block-column-is-layout-flow\">\n<figure class=\"wp-block-image size-large\"><img loading=\"lazy\" decoding=\"async\" width=\"682\" height=\"1024\" src=\"https:\/\/www.telecenterab.se\/wp-content\/uploads\/2025\/08\/Niklas-Persson-682x1024.png\" alt=\"\" class=\"wp-image-1189\" srcset=\"https:\/\/www.telecenterab.se\/wp-content\/uploads\/2025\/08\/Niklas-Persson-682x1024.png 682w, https:\/\/www.telecenterab.se\/wp-content\/uploads\/2025\/08\/Niklas-Persson-200x300.png 200w, https:\/\/www.telecenterab.se\/wp-content\/uploads\/2025\/08\/Niklas-Persson-768x1152.png 768w, https:\/\/www.telecenterab.se\/wp-content\/uploads\/2025\/08\/Niklas-Persson-1024x1536.png 1024w, https:\/\/www.telecenterab.se\/wp-content\/uploads\/2025\/08\/Niklas-Persson.png 1181w\" sizes=\"auto, (max-width: 682px) 100vw, 682px\" \/><\/figure>\n<\/div>\n\n\n\n<div class=\"wp-block-column is-layout-flow wp-block-column-is-layout-flow\">\n<figure class=\"wp-block-image size-large\"><img loading=\"lazy\" decoding=\"async\" width=\"683\" height=\"1024\" src=\"https:\/\/www.telecenterab.se\/wp-content\/uploads\/2025\/08\/Thiago-Larsson-683x1024.png\" alt=\"\" class=\"wp-image-1192\" srcset=\"https:\/\/www.telecenterab.se\/wp-content\/uploads\/2025\/08\/Thiago-Larsson-683x1024.png 683w, https:\/\/www.telecenterab.se\/wp-content\/uploads\/2025\/08\/Thiago-Larsson-200x300.png 200w, https:\/\/www.telecenterab.se\/wp-content\/uploads\/2025\/08\/Thiago-Larsson-768x1151.png 768w, https:\/\/www.telecenterab.se\/wp-content\/uploads\/2025\/08\/Thiago-Larsson-1025x1536.png 1025w, https:\/\/www.telecenterab.se\/wp-content\/uploads\/2025\/08\/Thiago-Larsson.png 1182w\" sizes=\"auto, (max-width: 683px) 100vw, 683px\" \/><\/figure>\n<\/div>\n<\/div>\n<\/div>\n<\/div>\n\n\n\n<div class=\"wp-block-columns is-layout-flex wp-container-core-columns-is-layout-9d6595d7 wp-block-columns-is-layout-flex\">\n<div class=\"wp-block-column is-layout-flow wp-block-column-is-layout-flow\" style=\"padding-top:var(--wp--preset--spacing--20);padding-bottom:var(--wp--preset--spacing--20);flex-basis:50%\">\n<div class=\"wp-block-columns is-not-stacked-on-mobile is-layout-flex wp-container-core-columns-is-layout-9d6595d7 wp-block-columns-is-layout-flex\">\n<div class=\"wp-block-column is-layout-flow wp-block-column-is-layout-flow\" style=\"flex-basis:50%\">\n<figure class=\"wp-block-image size-large\"><img loading=\"lazy\" decoding=\"async\" width=\"682\" height=\"1024\" src=\"https:\/\/www.telecenterab.se\/wp-content\/uploads\/2025\/08\/Fredrik-Karlsson-682x1024.png\" alt=\"\" class=\"wp-image-1193\" srcset=\"https:\/\/www.telecenterab.se\/wp-content\/uploads\/2025\/08\/Fredrik-Karlsson-682x1024.png 682w, https:\/\/www.telecenterab.se\/wp-content\/uploads\/2025\/08\/Fredrik-Karlsson-200x300.png 200w, https:\/\/www.telecenterab.se\/wp-content\/uploads\/2025\/08\/Fredrik-Karlsson-768x1152.png 768w, https:\/\/www.telecenterab.se\/wp-content\/uploads\/2025\/08\/Fredrik-Karlsson-1024x1536.png 1024w, https:\/\/www.telecenterab.se\/wp-content\/uploads\/2025\/08\/Fredrik-Karlsson.png 1181w\" sizes=\"auto, (max-width: 682px) 100vw, 682px\" \/><\/figure>\n<\/div>\n\n\n\n<div class=\"wp-block-column is-layout-flow wp-block-column-is-layout-flow\" style=\"flex-basis:50%\">\n<figure class=\"wp-block-image size-large\"><img loading=\"lazy\" decoding=\"async\" width=\"682\" height=\"1024\" src=\"https:\/\/www.telecenterab.se\/wp-content\/uploads\/2025\/08\/Wille-Ekstrom-682x1024.png\" alt=\"\" class=\"wp-image-1260\" srcset=\"https:\/\/www.telecenterab.se\/wp-content\/uploads\/2025\/08\/Wille-Ekstrom-682x1024.png 682w, https:\/\/www.telecenterab.se\/wp-content\/uploads\/2025\/08\/Wille-Ekstrom-200x300.png 200w, https:\/\/www.telecenterab.se\/wp-content\/uploads\/2025\/08\/Wille-Ekstrom-768x1152.png 768w, https:\/\/www.telecenterab.se\/wp-content\/uploads\/2025\/08\/Wille-Ekstrom-1024x1536.png 1024w, https:\/\/www.telecenterab.se\/wp-content\/uploads\/2025\/08\/Wille-Ekstrom.png 1181w\" sizes=\"auto, (max-width: 682px) 100vw, 682px\" \/><\/figure>\n<\/div>\n<\/div>\n<\/div>\n\n\n\n<div class=\"wp-block-column is-layout-flow wp-block-column-is-layout-flow\" style=\"padding-top:var(--wp--preset--spacing--20);padding-bottom:var(--wp--preset--spacing--20);flex-basis:50%\">\n<div class=\"wp-block-columns is-not-stacked-on-mobile is-layout-flex wp-container-core-columns-is-layout-9d6595d7 wp-block-columns-is-layout-flex\">\n<div class=\"wp-block-column is-layout-flow wp-block-column-is-layout-flow\" style=\"flex-basis:50%\">\n<figure class=\"wp-block-image size-large\"><img loading=\"lazy\" decoding=\"async\" width=\"682\" height=\"1024\" src=\"https:\/\/www.telecenterab.se\/wp-content\/uploads\/2025\/08\/Jesper-Luang-682x1024.png\" alt=\"\" class=\"wp-image-1261\" srcset=\"https:\/\/www.telecenterab.se\/wp-content\/uploads\/2025\/08\/Jesper-Luang-682x1024.png 682w, https:\/\/www.telecenterab.se\/wp-content\/uploads\/2025\/08\/Jesper-Luang-200x300.png 200w, https:\/\/www.telecenterab.se\/wp-content\/uploads\/2025\/08\/Jesper-Luang-768x1152.png 768w, https:\/\/www.telecenterab.se\/wp-content\/uploads\/2025\/08\/Jesper-Luang-1024x1536.png 1024w, https:\/\/www.telecenterab.se\/wp-content\/uploads\/2025\/08\/Jesper-Luang.png 1181w\" sizes=\"auto, (max-width: 682px) 100vw, 682px\" \/><\/figure>\n<\/div>\n\n\n\n<div class=\"wp-block-column is-layout-flow wp-block-column-is-layout-flow\" style=\"flex-basis:50%\">\n<figure class=\"wp-block-image size-large\"><img loading=\"lazy\" decoding=\"async\" width=\"682\" height=\"1024\" src=\"https:\/\/www.telecenterab.se\/wp-content\/uploads\/2025\/08\/Risto-Lehtonen-682x1024.png\" alt=\"\" class=\"wp-image-1262\" srcset=\"https:\/\/www.telecenterab.se\/wp-content\/uploads\/2025\/08\/Risto-Lehtonen-682x1024.png 682w, https:\/\/www.telecenterab.se\/wp-content\/uploads\/2025\/08\/Risto-Lehtonen-200x300.png 200w, https:\/\/www.telecenterab.se\/wp-content\/uploads\/2025\/08\/Risto-Lehtonen-768x1152.png 768w, https:\/\/www.telecenterab.se\/wp-content\/uploads\/2025\/08\/Risto-Lehtonen-1024x1536.png 1024w, https:\/\/www.telecenterab.se\/wp-content\/uploads\/2025\/08\/Risto-Lehtonen.png 1181w\" sizes=\"auto, (max-width: 682px) 100vw, 682px\" \/><\/figure>\n<\/div>\n<\/div>\n<\/div>\n<\/div>\n\n\n\n<div class=\"wp-block-columns is-layout-flex wp-container-core-columns-is-layout-9d6595d7 wp-block-columns-is-layout-flex\">\n<div class=\"wp-block-column is-layout-flow wp-block-column-is-layout-flow\" style=\"flex-basis:50%\">\n<div class=\"wp-block-columns is-not-stacked-on-mobile is-layout-flex wp-container-core-columns-is-layout-9d6595d7 wp-block-columns-is-layout-flex\">\n<div class=\"wp-block-column is-layout-flow wp-block-column-is-layout-flow\" style=\"flex-basis:50%\">\n<figure class=\"wp-block-image size-large\"><img loading=\"lazy\" decoding=\"async\" width=\"682\" height=\"1024\" src=\"https:\/\/www.telecenterab.se\/wp-content\/uploads\/2025\/08\/Max-Nilsson-Schulze-682x1024.png\" alt=\"\" class=\"wp-image-1263\" srcset=\"https:\/\/www.telecenterab.se\/wp-content\/uploads\/2025\/08\/Max-Nilsson-Schulze-682x1024.png 682w, https:\/\/www.telecenterab.se\/wp-content\/uploads\/2025\/08\/Max-Nilsson-Schulze-200x300.png 200w, https:\/\/www.telecenterab.se\/wp-content\/uploads\/2025\/08\/Max-Nilsson-Schulze-768x1152.png 768w, https:\/\/www.telecenterab.se\/wp-content\/uploads\/2025\/08\/Max-Nilsson-Schulze-1024x1536.png 1024w, https:\/\/www.telecenterab.se\/wp-content\/uploads\/2025\/08\/Max-Nilsson-Schulze.png 1181w\" sizes=\"auto, (max-width: 682px) 100vw, 682px\" \/><\/figure>\n<\/div>\n\n\n\n<div class=\"wp-block-column is-layout-flow wp-block-column-is-layout-flow\" style=\"flex-basis:50%\"><\/div>\n<\/div>\n<\/div>\n<\/div>\n","protected":false},"excerpt":{"rendered":"<p>Jesper Jansson Del\u00e4gareBeh\u00f6rig ingenj\u00f6r brandlarmS\u00e4ljare brandlarmsystem0491 \u2013 78 43 18jesper@telecenterab.se Johan Petersson Del\u00e4gareAnsvarig s\u00e4ljare kommunikation och fiber0491 &#8211; 78 43 15johan@telecenterab.se Peter Jansson Del\u00e4gareAnsvarig s\u00e4ljare brandlarm- &amp; s\u00e4kerhetssystem0491 &#8211; 78 43 03peter@telecenterab.se Kalle Eos Del\u00e4gareS\u00e4ljare kommunikation &amp; fiber0491 &#8211; 78 43 02kalle@telecenterab.se Robin Nilsson Beh\u00f6rig ingenj\u00f6r inbrottslarm0491 &#8211; 78 43 07robin@telecenterab.se Gustav Nilsson Beh\u00f6rig ingenj\u00f6r <a href=\"https:\/\/www.telecenterab.se\/?page_id=9\" class=\"read-more below\">READ MORE<\/a><\/p>\n","protected":false},"author":3,"featured_media":0,"parent":0,"menu_order":0,"comment_status":"closed","ping_status":"closed","template":"","meta":{"_monsterinsights_skip_tracking":false,"_monsterinsights_sitenote_active":false,"_monsterinsights_sitenote_note":"","_monsterinsights_sitenote_category":0,"footnotes":""},"class_list":["post-9","page","type-page","status-publish","hentry"],"_links":{"self":[{"href":"https:\/\/www.telecenterab.se\/index.php?rest_route=\/wp\/v2\/pages\/9","targetHints":{"allow":["GET"]}}],"collection":[{"href":"https:\/\/www.telecenterab.se\/index.php?rest_route=\/wp\/v2\/pages"}],"about":[{"href":"https:\/\/www.telecenterab.se\/index.php?rest_route=\/wp\/v2\/types\/page"}],"author":[{"embeddable":true,"href":"https:\/\/www.telecenterab.se\/index.php?rest_route=\/wp\/v2\/users\/3"}],"replies":[{"embeddable":true,"href":"https:\/\/www.telecenterab.se\/index.php?rest_route=%2Fwp%2Fv2%2Fcomments&post=9"}],"version-history":[{"count":110,"href":"https:\/\/www.telecenterab.se\/index.php?rest_route=\/wp\/v2\/pages\/9\/revisions"}],"predecessor-version":[{"id":1266,"href":"https:\/\/www.telecenterab.se\/index.php?rest_route=\/wp\/v2\/pages\/9\/revisions\/1266"}],"wp:attachment":[{"href":"https:\/\/www.telecenterab.se\/index.php?rest_route=%2Fwp%2Fv2%2Fmedia&parent=9"}],"curies":[{"name":"wp","href":"https:\/\/api.w.org\/{rel}","templated":true}]}}