{"id":86,"date":"2020-01-30T13:51:32","date_gmt":"2020-01-30T13:51:32","guid":{"rendered":"http:\/\/localhost\/telecenterab\/?page_id=86"},"modified":"2025-08-29T11:56:26","modified_gmt":"2025-08-29T10:56:26","slug":"natverk-fiber","status":"publish","type":"page","link":"https:\/\/www.telecenterab.se\/?page_id=86","title":{"rendered":"N\u00e4tverk &#038; Fiber"},"content":{"rendered":"\n<figure class=\"wp-block-pullquote has-text-align-center\" style=\"font-style:normal;font-weight:200\"><blockquote><p>En av f\u00e5 akt\u00f6rer i regionen som b\u00e5de har kompetens och resurser f\u00f6r att klara av avancerad fibersvetsning &amp; installation<\/p><\/blockquote><\/figure>\n\n\n\n<div class=\"wp-block-columns is-layout-flex wp-container-core-columns-is-layout-9d6595d7 wp-block-columns-is-layout-flex\">\n<div class=\"wp-block-column is-layout-flow wp-block-column-is-layout-flow\" style=\"flex-basis:66.66%\">\n<p>Vi finns med fr\u00e5n b\u00f6rjan till slut, genom projektering planering, installering, kontrollm\u00e4tning och dokumentering av anl\u00e4ggningen.<\/p>\n\n\n\n<p>Allt fr\u00e5n en komplettering av ett befintligt datan\u00e4tverk till en nybyggnation av fiber i en hel stadsdel, helt efter kundens \u00f6nskem\u00e5l.<\/p>\n\n\n\n<p>Telecenter har sofistikerad utrustning f\u00f6r kontrollavm\u00e4tning av b\u00e5de koppar- samt fibern\u00e4tverk. V\u00e5ra instrument kalibreras \u00e5rligen f\u00f6r att du som kund ska veta att anl\u00e4ggningen korrekt utf\u00f6rd och h\u00e5ller europeisk standard. Tack vare detta vet du som kund att anl\u00e4ggningen kommer klara m\u00e5nga \u00e5r fram\u00f6ver.<\/p>\n<\/div>\n\n\n\n<div class=\"wp-block-column is-layout-flow wp-block-column-is-layout-flow\" style=\"flex-basis:33.33%\"><div class=\"wp-block-image is-resized\">\n<figure class=\"alignleft\"><img loading=\"lazy\" decoding=\"async\" width=\"1079\" height=\"721\" src=\"http:\/\/www.telecenterab.se\/wp-content\/uploads\/2022\/02\/Screenshot_20220224-074756_Instagram-1-edited.jpg\" alt=\"\" class=\"wp-image-671\" srcset=\"https:\/\/www.telecenterab.se\/wp-content\/uploads\/2022\/02\/Screenshot_20220224-074756_Instagram-1-edited.jpg 1079w, https:\/\/www.telecenterab.se\/wp-content\/uploads\/2022\/02\/Screenshot_20220224-074756_Instagram-1-edited-300x200.jpg 300w, https:\/\/www.telecenterab.se\/wp-content\/uploads\/2022\/02\/Screenshot_20220224-074756_Instagram-1-edited-1024x684.jpg 1024w, https:\/\/www.telecenterab.se\/wp-content\/uploads\/2022\/02\/Screenshot_20220224-074756_Instagram-1-edited-768x513.jpg 768w\" sizes=\"auto, (max-width: 1079px) 100vw, 1079px\" \/><\/figure>\n<\/div><\/div>\n<\/div>\n\n\n\n<div style=\"height:18px\" aria-hidden=\"true\" class=\"wp-block-spacer\"><\/div>\n\n\n\n<div class=\"wp-block-columns is-layout-flex wp-container-core-columns-is-layout-9d6595d7 wp-block-columns-is-layout-flex\">\n<div class=\"wp-block-column is-layout-flow wp-block-column-is-layout-flow\" style=\"flex-basis:66.66%\">\n<p>Telecenter \u00e4r en av f\u00e5 akt\u00f6rer i regionen som b\u00e5de har kompetens och resurser f\u00f6r att klara av avancerad fibersvetsning och installation av kopparkablage i datan\u00e4tverk.<\/p>\n\n\n\n<p>F\u00f6retagets h\u00f6ga kvalitetskrav avspeglar sig naturligtvis p\u00e5 kundsidan. OKG och Global Connect \u00e4r ett par av de allra st\u00f6rsta kunderna inom det omr\u00e5det.<\/p>\n<\/div>\n\n\n\n<div class=\"wp-block-column is-layout-flow wp-block-column-is-layout-flow\" style=\"flex-basis:33.33%\"><div class=\"wp-block-image is-resized\">\n<figure class=\"alignleft size-large\"><img loading=\"lazy\" decoding=\"async\" width=\"768\" height=\"1024\" src=\"http:\/\/www.telecenterab.se\/wp-content\/uploads\/2022\/02\/IMG_20201015_123610-kopia-kopia-1-768x1024.jpg\" alt=\"\" class=\"wp-image-669\" srcset=\"https:\/\/www.telecenterab.se\/wp-content\/uploads\/2022\/02\/IMG_20201015_123610-kopia-kopia-1-768x1024.jpg 768w, https:\/\/www.telecenterab.se\/wp-content\/uploads\/2022\/02\/IMG_20201015_123610-kopia-kopia-1-225x300.jpg 225w, https:\/\/www.telecenterab.se\/wp-content\/uploads\/2022\/02\/IMG_20201015_123610-kopia-kopia-1-1152x1536.jpg 1152w, https:\/\/www.telecenterab.se\/wp-content\/uploads\/2022\/02\/IMG_20201015_123610-kopia-kopia-1-1536x2048.jpg 1536w, https:\/\/www.telecenterab.se\/wp-content\/uploads\/2022\/02\/IMG_20201015_123610-kopia-kopia-1-scaled.jpg 1920w\" sizes=\"auto, (max-width: 768px) 100vw, 768px\" \/><\/figure>\n<\/div><\/div>\n<\/div>\n\n\n\n<div style=\"height:38px\" aria-hidden=\"true\" class=\"wp-block-spacer\"><\/div>\n\n\n\n<div class=\"wp-block-columns is-layout-flex wp-container-core-columns-is-layout-9d6595d7 wp-block-columns-is-layout-flex\">\n<div class=\"wp-block-column is-layout-flow wp-block-column-is-layout-flow\">\n<div class=\"wp-block-columns is-not-stacked-on-mobile is-layout-flex wp-container-core-columns-is-layout-9d6595d7 wp-block-columns-is-layout-flex\">\n<div class=\"wp-block-column is-layout-flow wp-block-column-is-layout-flow\">\n<figure class=\"wp-block-image size-large\"><img loading=\"lazy\" decoding=\"async\" width=\"682\" height=\"1024\" src=\"http:\/\/www.telecenterab.se\/wp-content\/uploads\/2025\/08\/Johan-Petersson-682x1024.png\" alt=\"\" class=\"wp-image-1182\" srcset=\"https:\/\/www.telecenterab.se\/wp-content\/uploads\/2025\/08\/Johan-Petersson-682x1024.png 682w, https:\/\/www.telecenterab.se\/wp-content\/uploads\/2025\/08\/Johan-Petersson-200x300.png 200w, https:\/\/www.telecenterab.se\/wp-content\/uploads\/2025\/08\/Johan-Petersson-768x1152.png 768w, https:\/\/www.telecenterab.se\/wp-content\/uploads\/2025\/08\/Johan-Petersson-1024x1536.png 1024w, https:\/\/www.telecenterab.se\/wp-content\/uploads\/2025\/08\/Johan-Petersson.png 1181w\" sizes=\"auto, (max-width: 682px) 100vw, 682px\" \/><\/figure>\n<\/div>\n\n\n\n<div class=\"wp-block-column is-vertically-aligned-center is-layout-flow wp-block-column-is-layout-flow\">\n<h4 class=\"wp-block-heading\">Vilket behov har du?<\/h4>\n\n\n\n<p>Kontakta Johan Petersson, <br>0491-78 43 15<br><a href=\"mailto:johan@telecenterab.se\">johan@telecenterab.se<\/a><\/p>\n<\/div>\n<\/div>\n<\/div>\n\n\n\n<div class=\"wp-block-column is-vertically-aligned-center is-layout-flow wp-block-column-is-layout-flow\">\n<div class=\"wp-block-columns is-not-stacked-on-mobile is-layout-flex wp-container-core-columns-is-layout-9d6595d7 wp-block-columns-is-layout-flex\">\n<div class=\"wp-block-column is-vertically-aligned-center is-layout-flow wp-block-column-is-layout-flow\"><div class=\"wp-block-image\">\n<figure class=\"alignright size-large is-resized\"><img loading=\"lazy\" decoding=\"async\" width=\"1024\" height=\"1024\" src=\"https:\/\/www.telecenterab.se\/wp-content\/uploads\/2024\/10\/Robust_FtgCert_Anl_RGB-003-12-1024x1024.jpg\" alt=\"\" class=\"wp-image-1083\" style=\"width:176px;height:auto\" srcset=\"https:\/\/www.telecenterab.se\/wp-content\/uploads\/2024\/10\/Robust_FtgCert_Anl_RGB-003-12-1024x1024.jpg 1024w, https:\/\/www.telecenterab.se\/wp-content\/uploads\/2024\/10\/Robust_FtgCert_Anl_RGB-003-12-300x300.jpg 300w, https:\/\/www.telecenterab.se\/wp-content\/uploads\/2024\/10\/Robust_FtgCert_Anl_RGB-003-12-150x150.jpg 150w, https:\/\/www.telecenterab.se\/wp-content\/uploads\/2024\/10\/Robust_FtgCert_Anl_RGB-003-12-768x768.jpg 768w, https:\/\/www.telecenterab.se\/wp-content\/uploads\/2024\/10\/Robust_FtgCert_Anl_RGB-003-12-620x620.jpg 620w, https:\/\/www.telecenterab.se\/wp-content\/uploads\/2024\/10\/Robust_FtgCert_Anl_RGB-003-12-1000x1000.jpg 1000w, https:\/\/www.telecenterab.se\/wp-content\/uploads\/2024\/10\/Robust_FtgCert_Anl_RGB-003-12-600x600.jpg 600w, https:\/\/www.telecenterab.se\/wp-content\/uploads\/2024\/10\/Robust_FtgCert_Anl_RGB-003-12-400x400.jpg 400w, https:\/\/www.telecenterab.se\/wp-content\/uploads\/2024\/10\/Robust_FtgCert_Anl_RGB-003-12.jpg 1053w\" sizes=\"auto, (max-width: 1024px) 100vw, 1024px\" \/><\/figure>\n<\/div><\/div>\n\n\n\n<div class=\"wp-block-column is-vertically-aligned-center is-layout-flow wp-block-column-is-layout-flow\"><div class=\"wp-block-image\">\n<figure class=\"alignleft size-full\"><img loading=\"lazy\" decoding=\"async\" width=\"177\" height=\"177\" src=\"https:\/\/www.telecenterab.se\/wp-content\/uploads\/2024\/10\/Robust_Personcert_anlagging-2.png\" alt=\"\" class=\"wp-image-1084\" srcset=\"https:\/\/www.telecenterab.se\/wp-content\/uploads\/2024\/10\/Robust_Personcert_anlagging-2.png 177w, https:\/\/www.telecenterab.se\/wp-content\/uploads\/2024\/10\/Robust_Personcert_anlagging-2-150x150.png 150w\" sizes=\"auto, (max-width: 177px) 100vw, 177px\" \/><\/figure>\n<\/div><\/div>\n<\/div>\n<\/div>\n<\/div>\n","protected":false},"excerpt":{"rendered":"<p>En av f\u00e5 akt\u00f6rer i regionen som b\u00e5de har kompetens och resurser f\u00f6r att klara av avancerad fibersvetsning &amp; installation Vi finns med fr\u00e5n b\u00f6rjan till slut, genom projektering planering, installering, kontrollm\u00e4tning och dokumentering av anl\u00e4ggningen. Allt fr\u00e5n en komplettering av ett befintligt datan\u00e4tverk till en nybyggnation av fiber i en hel stadsdel, helt efter <a href=\"https:\/\/www.telecenterab.se\/?page_id=86\" class=\"read-more below\">READ MORE<\/a><\/p>\n","protected":false},"author":2,"featured_media":0,"parent":83,"menu_order":0,"comment_status":"closed","ping_status":"closed","template":"","meta":{"_monsterinsights_skip_tracking":false,"_monsterinsights_sitenote_active":false,"_monsterinsights_sitenote_note":"","_monsterinsights_sitenote_category":0,"footnotes":""},"class_list":["post-86","page","type-page","status-publish","hentry"],"_links":{"self":[{"href":"https:\/\/www.telecenterab.se\/index.php?rest_route=\/wp\/v2\/pages\/86","targetHints":{"allow":["GET"]}}],"collection":[{"href":"https:\/\/www.telecenterab.se\/index.php?rest_route=\/wp\/v2\/pages"}],"about":[{"href":"https:\/\/www.telecenterab.se\/index.php?rest_route=\/wp\/v2\/types\/page"}],"author":[{"embeddable":true,"href":"https:\/\/www.telecenterab.se\/index.php?rest_route=\/wp\/v2\/users\/2"}],"replies":[{"embeddable":true,"href":"https:\/\/www.telecenterab.se\/index.php?rest_route=%2Fwp%2Fv2%2Fcomments&post=86"}],"version-history":[{"count":40,"href":"https:\/\/www.telecenterab.se\/index.php?rest_route=\/wp\/v2\/pages\/86\/revisions"}],"predecessor-version":[{"id":1346,"href":"https:\/\/www.telecenterab.se\/index.php?rest_route=\/wp\/v2\/pages\/86\/revisions\/1346"}],"up":[{"embeddable":true,"href":"https:\/\/www.telecenterab.se\/index.php?rest_route=\/wp\/v2\/pages\/83"}],"wp:attachment":[{"href":"https:\/\/www.telecenterab.se\/index.php?rest_route=%2Fwp%2Fv2%2Fmedia&parent=86"}],"curies":[{"name":"wp","href":"https:\/\/api.w.org\/{rel}","templated":true}]}}