{"id":79,"date":"2020-01-30T13:45:31","date_gmt":"2020-01-30T13:45:31","guid":{"rendered":"http:\/\/localhost\/telecenterab\/?page_id=79"},"modified":"2023-05-04T14:27:58","modified_gmt":"2023-05-04T13:27:58","slug":"om-telecenter","status":"publish","type":"page","link":"https:\/\/www.telecenterab.se\/?page_id=79","title":{"rendered":"Om Telecenter"},"content":{"rendered":"\n<p>Det\n b\u00f6rjade med f\u00f6rs\u00e4ljning av mobiltelefoni i slutet av 1990-talet. Sedan \ndess har det runnit mycket vatten under broarna. I dag \u00e4r Telecenter AB \nett komplett full service- f\u00f6retag inom kommunikation och s\u00e4kerhet som \nhela tiden befinner sig i framkant. <\/p>\n\n\n\n<p>Det\n betyder att de st\u00f6rsta produktomr\u00e5dena numera \u00e4r&nbsp;s\u00e4kerhetsutrustning \nsom&nbsp;brandlarm, passagesystem, inbrottslarm&nbsp;och kamera\u00f6vervakning samt \narbete och service i fibern\u00e4t och kontroll av datan\u00e4tverk.  <\/p>\n\n\n\n<p>Telecenter  utg\u00e5r fr\u00e5n kundens behov \u2013 oavsett om det handlar om s\u00e4kerhet eller  kommunikation \u2013 och har d\u00e4rf\u00f6r valt att arbeta med flera starka partners  vars produkter f\u00f6retaget skr\u00e4ddarsyr till en vinnande helhetsl\u00f6sning \u00e5t  kunden. <\/p>\n\n\n\n<p>Telecenters\n innovativa tekniska kommunikationsl\u00f6sningar inneb\u00e4r att den enskilde \nkunden alltid uppn\u00e5r b\u00e4ttre effektivitet och flexibilitet i \norganisationen. N\u00e5got som genererar \u00f6kad l\u00f6nsamhet och f\u00f6rdelar gentemot\n konkurrenter. <\/p>\n\n\n<div class=\"wp-block-image\">\n<figure class=\"aligncenter size-large is-resized\"><img loading=\"lazy\" decoding=\"async\" src=\"http:\/\/www.telecenterab.se\/wp-content\/uploads\/2022\/07\/gruppbild-1024x683.jpg\" alt=\"\" class=\"wp-image-824\" width=\"654\" height=\"436\" srcset=\"https:\/\/www.telecenterab.se\/wp-content\/uploads\/2022\/07\/gruppbild-1024x683.jpg 1024w, https:\/\/www.telecenterab.se\/wp-content\/uploads\/2022\/07\/gruppbild-300x200.jpg 300w, https:\/\/www.telecenterab.se\/wp-content\/uploads\/2022\/07\/gruppbild-768x512.jpg 768w, https:\/\/www.telecenterab.se\/wp-content\/uploads\/2022\/07\/gruppbild-1536x1024.jpg 1536w, https:\/\/www.telecenterab.se\/wp-content\/uploads\/2022\/07\/gruppbild-2048x1365.jpg 2048w\" sizes=\"auto, (max-width: 654px) 100vw, 654px\" \/><\/figure>\n<\/div>\n\n\n<p>Fibersvetsning och kontroll av datan\u00e4tverk med avancerade instrument \u00e4r en annan viktig del i verksamheten. <\/p>\n\n\n\n<p>Att  kompetensen \u00e4r h\u00f6g bekr\u00e4ftas av att OKG, SKB Svensk  K\u00e4rnebr\u00e4nslehantering, IP Only, Cygate och Scania \u00e4r&nbsp;fem st\u00f6rre kunder. P\u00e5  s\u00e4kerhetssidan \u00e4r kunnandet ocks\u00e5 stort. Telecenter levererar l\u00f6sningar  som skapar s\u00e4kerhet och trygghet p\u00e5 en rad olika s\u00e4tt, bland annat genom  att video\u00f6vervakning integreras med passagesystem.<\/p>\n\n\n\n<p>Spetskompetens  finns och det finns flera f\u00f6rklaringar. Kontinuerlig  kompetensutveckling \u00e4r en. Medarbetare med l\u00e5ngvarig erfarenhet en  annan. Mod att anst\u00e4lla unga medarbetare med extraordin\u00e4r kunskap i den allra senaste datatekniken, en tredje. Det och f\u00f6rm\u00e5gan att alltid h\u00e5lla vad man lovar, inneb\u00e4r att Telecenter \u00e4r ett ledande f\u00f6retag i regionen n\u00e4r det g\u00e4ller s\u00e4kerhet och kommunikation. <\/p>\n\n\n\n<p>K\u00e4rnkraften och deras underleverant\u00f6rer \u00e4r ocks\u00e5 ett stort ben, i princip all v\u00e5r personal \u00e4r s\u00e4kerhetspr\u00f6vade vilket inneb\u00e4r att vi med relativt kort varsel kan st\u00e4lla upp med personal vid behov. <\/p>\n","protected":false},"excerpt":{"rendered":"<p>Det b\u00f6rjade med f\u00f6rs\u00e4ljning av mobiltelefoni i slutet av 1990-talet. Sedan dess har det runnit mycket vatten under broarna. I dag \u00e4r Telecenter AB ett komplett full service- f\u00f6retag inom kommunikation och s\u00e4kerhet som hela tiden befinner sig i framkant. Det betyder att de st\u00f6rsta produktomr\u00e5dena numera \u00e4r&nbsp;s\u00e4kerhetsutrustning som&nbsp;brandlarm, passagesystem, inbrottslarm&nbsp;och kamera\u00f6vervakning samt arbete och <a href=\"https:\/\/www.telecenterab.se\/?page_id=79\" class=\"read-more below\">READ MORE<\/a><\/p>\n","protected":false},"author":2,"featured_media":0,"parent":0,"menu_order":0,"comment_status":"closed","ping_status":"closed","template":"","meta":{"_monsterinsights_skip_tracking":false,"_monsterinsights_sitenote_active":false,"_monsterinsights_sitenote_note":"","_monsterinsights_sitenote_category":0,"footnotes":""},"class_list":["post-79","page","type-page","status-publish","hentry"],"_links":{"self":[{"href":"https:\/\/www.telecenterab.se\/index.php?rest_route=\/wp\/v2\/pages\/79","targetHints":{"allow":["GET"]}}],"collection":[{"href":"https:\/\/www.telecenterab.se\/index.php?rest_route=\/wp\/v2\/pages"}],"about":[{"href":"https:\/\/www.telecenterab.se\/index.php?rest_route=\/wp\/v2\/types\/page"}],"author":[{"embeddable":true,"href":"https:\/\/www.telecenterab.se\/index.php?rest_route=\/wp\/v2\/users\/2"}],"replies":[{"embeddable":true,"href":"https:\/\/www.telecenterab.se\/index.php?rest_route=%2Fwp%2Fv2%2Fcomments&post=79"}],"version-history":[{"count":14,"href":"https:\/\/www.telecenterab.se\/index.php?rest_route=\/wp\/v2\/pages\/79\/revisions"}],"predecessor-version":[{"id":906,"href":"https:\/\/www.telecenterab.se\/index.php?rest_route=\/wp\/v2\/pages\/79\/revisions\/906"}],"wp:attachment":[{"href":"https:\/\/www.telecenterab.se\/index.php?rest_route=%2Fwp%2Fv2%2Fmedia&parent=79"}],"curies":[{"name":"wp","href":"https:\/\/api.w.org\/{rel}","templated":true}]}}