{"id":616,"date":"2022-02-23T13:56:32","date_gmt":"2022-02-23T12:56:32","guid":{"rendered":"http:\/\/www.telecenterab.se\/?page_id=616"},"modified":"2025-08-29T13:16:12","modified_gmt":"2025-08-29T12:16:12","slug":"kontakta-oss","status":"publish","type":"page","link":"https:\/\/www.telecenterab.se\/?page_id=616","title":{"rendered":"Kontakta oss"},"content":{"rendered":"\n<h4 class=\"wp-block-heading has-white-color has-text-color has-link-color wp-elements-f2a3f96b62be1b3ab1948e788e3b9f14\">Om du har fr\u00e5gor \u00e4r du v\u00e4lkommen att kontakta oss f\u00f6r att diskutera l\u00f6sningar &amp; id\u00e9er.<\/h4>\n\n\n\n<div class=\"wp-block-columns is-layout-flex wp-container-core-columns-is-layout-66d11289 wp-block-columns-is-layout-flex\" style=\"padding-top:var(--wp--preset--spacing--20);padding-bottom:var(--wp--preset--spacing--20)\">\n<div class=\"wp-block-column is-layout-flow wp-block-column-is-layout-flow\">\n<div class=\"wp-block-columns is-not-stacked-on-mobile is-layout-flex wp-container-core-columns-is-layout-9d6595d7 wp-block-columns-is-layout-flex\">\n<div class=\"wp-block-column is-layout-flow wp-block-column-is-layout-flow\">\n<figure class=\"wp-block-image size-large\"><img loading=\"lazy\" decoding=\"async\" width=\"682\" height=\"1024\" src=\"http:\/\/www.telecenterab.se\/wp-content\/uploads\/2025\/08\/Jesper-Jansson-682x1024.png\" alt=\"\" class=\"wp-image-1181\" srcset=\"https:\/\/www.telecenterab.se\/wp-content\/uploads\/2025\/08\/Jesper-Jansson-682x1024.png 682w, https:\/\/www.telecenterab.se\/wp-content\/uploads\/2025\/08\/Jesper-Jansson-200x300.png 200w, https:\/\/www.telecenterab.se\/wp-content\/uploads\/2025\/08\/Jesper-Jansson-768x1152.png 768w, https:\/\/www.telecenterab.se\/wp-content\/uploads\/2025\/08\/Jesper-Jansson-1024x1536.png 1024w, https:\/\/www.telecenterab.se\/wp-content\/uploads\/2025\/08\/Jesper-Jansson.png 1181w\" sizes=\"auto, (max-width: 682px) 100vw, 682px\" \/><\/figure>\n<\/div>\n\n\n\n<div class=\"wp-block-column is-vertically-aligned-center is-layout-flow wp-block-column-is-layout-flow\">\n<h4 class=\"wp-block-heading\">F\u00f6rfr\u00e5gningar brandlarm &amp; s\u00e4kerhet<\/h4>\n\n\n\n<p>Jesper Jansson<br>0491 &#8211; 78 43 18<br><a href=\"mailto:jesper@telecenterab.se\" target=\"_blank\" rel=\"noreferrer noopener\">jesper@telecenterab.se<\/a><\/p>\n<\/div>\n<\/div>\n<\/div>\n\n\n\n<div class=\"wp-block-column is-layout-flow wp-block-column-is-layout-flow\">\n<div class=\"wp-block-columns is-not-stacked-on-mobile is-layout-flex wp-container-core-columns-is-layout-9d6595d7 wp-block-columns-is-layout-flex\">\n<div class=\"wp-block-column is-layout-flow wp-block-column-is-layout-flow\">\n<figure class=\"wp-block-image size-large\"><img loading=\"lazy\" decoding=\"async\" width=\"682\" height=\"1024\" src=\"http:\/\/www.telecenterab.se\/wp-content\/uploads\/2025\/08\/Johan-Petersson-682x1024.png\" alt=\"\" class=\"wp-image-1182\" srcset=\"https:\/\/www.telecenterab.se\/wp-content\/uploads\/2025\/08\/Johan-Petersson-682x1024.png 682w, https:\/\/www.telecenterab.se\/wp-content\/uploads\/2025\/08\/Johan-Petersson-200x300.png 200w, https:\/\/www.telecenterab.se\/wp-content\/uploads\/2025\/08\/Johan-Petersson-768x1152.png 768w, https:\/\/www.telecenterab.se\/wp-content\/uploads\/2025\/08\/Johan-Petersson-1024x1536.png 1024w, https:\/\/www.telecenterab.se\/wp-content\/uploads\/2025\/08\/Johan-Petersson.png 1181w\" sizes=\"auto, (max-width: 682px) 100vw, 682px\" \/><\/figure>\n<\/div>\n\n\n\n<div class=\"wp-block-column is-vertically-aligned-center is-layout-flow wp-block-column-is-layout-flow\">\n<h4 class=\"wp-block-heading\">F\u00f6rfr\u00e5gningar kommunikation &amp; fiber<\/h4>\n\n\n\n<p>Johan Petersson<br>0491 &#8211; 78 43 15<br><a href=\"mailto:johan@telecenterab.se\" target=\"_blank\" rel=\"noreferrer noopener\">johan@telecenterab.se<\/a><\/p>\n<\/div>\n<\/div>\n<\/div>\n<\/div>\n\n\n\n<hr class=\"wp-block-separator has-alpha-channel-opacity\"\/>\n\n\n\n<h4 class=\"wp-block-heading has-white-color has-text-color has-link-color wp-elements-027b496b71d15afece65520a109e61c9\">Det g\u00e5r \u00e4ven bra att ringa till v\u00e5r v\u00e4xel p\u00e5 0491-78 43 00, eller maila till <a href=\"mailto:info@telecenterab.se\"><em>info@telecenterab.se<\/em><\/a> <\/h4>\n","protected":false},"excerpt":{"rendered":"<p>Om du har fr\u00e5gor \u00e4r du v\u00e4lkommen att kontakta oss f\u00f6r att diskutera l\u00f6sningar &amp; id\u00e9er. F\u00f6rfr\u00e5gningar brandlarm &amp; s\u00e4kerhet Jesper Jansson0491 &#8211; 78 43 18jesper@telecenterab.se F\u00f6rfr\u00e5gningar kommunikation &amp; fiber Johan Petersson0491 &#8211; 78 43 15johan@telecenterab.se Det g\u00e5r \u00e4ven bra att ringa till v\u00e5r v\u00e4xel p\u00e5 0491-78 43 00, eller maila till info@telecenterab.se<\/p>\n","protected":false},"author":3,"featured_media":0,"parent":0,"menu_order":0,"comment_status":"closed","ping_status":"closed","template":"","meta":{"_monsterinsights_skip_tracking":false,"_monsterinsights_sitenote_active":false,"_monsterinsights_sitenote_note":"","_monsterinsights_sitenote_category":0,"footnotes":""},"class_list":["post-616","page","type-page","status-publish","hentry"],"_links":{"self":[{"href":"https:\/\/www.telecenterab.se\/index.php?rest_route=\/wp\/v2\/pages\/616","targetHints":{"allow":["GET"]}}],"collection":[{"href":"https:\/\/www.telecenterab.se\/index.php?rest_route=\/wp\/v2\/pages"}],"about":[{"href":"https:\/\/www.telecenterab.se\/index.php?rest_route=\/wp\/v2\/types\/page"}],"author":[{"embeddable":true,"href":"https:\/\/www.telecenterab.se\/index.php?rest_route=\/wp\/v2\/users\/3"}],"replies":[{"embeddable":true,"href":"https:\/\/www.telecenterab.se\/index.php?rest_route=%2Fwp%2Fv2%2Fcomments&post=616"}],"version-history":[{"count":29,"href":"https:\/\/www.telecenterab.se\/index.php?rest_route=\/wp\/v2\/pages\/616\/revisions"}],"predecessor-version":[{"id":1365,"href":"https:\/\/www.telecenterab.se\/index.php?rest_route=\/wp\/v2\/pages\/616\/revisions\/1365"}],"wp:attachment":[{"href":"https:\/\/www.telecenterab.se\/index.php?rest_route=%2Fwp%2Fv2%2Fmedia&parent=616"}],"curies":[{"name":"wp","href":"https:\/\/api.w.org\/{rel}","templated":true}]}}