{"id":442,"date":"2021-02-02T08:39:54","date_gmt":"2021-02-02T07:39:54","guid":{"rendered":"http:\/\/www.telecenterab.se\/?page_id=442"},"modified":"2022-02-24T09:02:52","modified_gmt":"2022-02-24T08:02:52","slug":"ny-medarbetare","status":"publish","type":"page","link":"https:\/\/www.telecenterab.se\/?page_id=442","title":{"rendered":"\u00c4r du teknikintresserad?"},"content":{"rendered":"\n<div class=\"wp-block-image\"><figure class=\"alignright size-large is-resized\"><img loading=\"lazy\" decoding=\"async\" src=\"http:\/\/www.telecenterab.se\/wp-content\/uploads\/2022\/02\/bild-25-edited-1024x576.jpg\" alt=\"\" class=\"wp-image-655\" width=\"456\" height=\"256\" srcset=\"https:\/\/www.telecenterab.se\/wp-content\/uploads\/2022\/02\/bild-25-edited-1024x576.jpg 1024w, https:\/\/www.telecenterab.se\/wp-content\/uploads\/2022\/02\/bild-25-edited-300x169.jpg 300w, https:\/\/www.telecenterab.se\/wp-content\/uploads\/2022\/02\/bild-25-edited-768x432.jpg 768w, https:\/\/www.telecenterab.se\/wp-content\/uploads\/2022\/02\/bild-25-edited-1536x864.jpg 1536w, https:\/\/www.telecenterab.se\/wp-content\/uploads\/2022\/02\/bild-25-edited-2048x1152.jpg 2048w\" sizes=\"auto, (max-width: 456px) 100vw, 456px\" \/><\/figure><\/div>\n\n\n\n<p>Telecenter \u00e4r ett kommunikations- och s\u00e4kerhetsf\u00f6retag. <br>Vi installerar och servar inbrottslarm, kamera\u00f6vervakningsanl\u00e4ggningar, <br>passagesystem, brandlarm och fiber\/datan\u00e4tverk till f\u00f6retag <br>och organisationer i f\u00f6rsta hand Kalmar L\u00e4n <br>men \u00e4ven jobb p\u00e5 andra orter kan f\u00f6rekomma.<\/p>\n\n\n\n<p>L\u00e5ter n\u00e5got av ovanst\u00e5ende intressant s\u00e5 tveka inte <br>med att h\u00f6ra av dig till oss!<\/p>\n\n\n\n<p>Oavsett om du har erfarenhet inom larm\/s\u00e4kerhet,<br>fiber\/n\u00e4tverk eller annan teknisk bakgrund kan vi erbjuda dig<br>en sp\u00e4nnande och varierande tj\u00e4nst.<\/p>\n\n\n\n<div style=\"height:25px\" aria-hidden=\"true\" class=\"wp-block-spacer\"><\/div>\n\n\n\n<div class=\"wp-block-media-text alignwide is-stacked-on-mobile\" style=\"grid-template-columns:17% auto\"><figure class=\"wp-block-media-text__media\"><img loading=\"lazy\" decoding=\"async\" width=\"683\" height=\"1024\" src=\"http:\/\/www.telecenterab.se\/wp-content\/uploads\/2022\/02\/Jesper-Jansson-2-683x1024.jpg\" alt=\"\" class=\"wp-image-638 size-full\" srcset=\"https:\/\/www.telecenterab.se\/wp-content\/uploads\/2022\/02\/Jesper-Jansson-2-683x1024.jpg 683w, https:\/\/www.telecenterab.se\/wp-content\/uploads\/2022\/02\/Jesper-Jansson-2-200x300.jpg 200w, https:\/\/www.telecenterab.se\/wp-content\/uploads\/2022\/02\/Jesper-Jansson-2-768x1152.jpg 768w, https:\/\/www.telecenterab.se\/wp-content\/uploads\/2022\/02\/Jesper-Jansson-2-1024x1536.jpg 1024w, https:\/\/www.telecenterab.se\/wp-content\/uploads\/2022\/02\/Jesper-Jansson-2-1365x2048.jpg 1365w, https:\/\/www.telecenterab.se\/wp-content\/uploads\/2022\/02\/Jesper-Jansson-2-scaled.jpg 1707w\" sizes=\"auto, (max-width: 683px) 100vw, 683px\" \/><\/figure><div class=\"wp-block-media-text__content\">\n<blockquote class=\"wp-block-quote is-style-plain is-layout-flow wp-block-quote-is-layout-flow\"><p>Vid fr\u00e5gor eller intresseans\u00f6kan, kontakta<\/p><cite>Jesper Jansson<br>0491 &#8211; 78 43 18<br><a rel=\"noreferrer noopener\" href=\"mailto:jesper@telecenterab.se\" target=\"_blank\">jesper@telecenterab.se<\/a><\/cite><\/blockquote>\n<\/div><\/div>\n","protected":false},"excerpt":{"rendered":"<p>Telecenter \u00e4r ett kommunikations- och s\u00e4kerhetsf\u00f6retag. Vi installerar och servar inbrottslarm, kamera\u00f6vervakningsanl\u00e4ggningar, passagesystem, brandlarm och fiber\/datan\u00e4tverk till f\u00f6retag och organisationer i f\u00f6rsta hand Kalmar L\u00e4n men \u00e4ven jobb p\u00e5 andra orter kan f\u00f6rekomma. L\u00e5ter n\u00e5got av ovanst\u00e5ende intressant s\u00e5 tveka inte med att h\u00f6ra av dig till oss! Oavsett om du har erfarenhet inom larm\/s\u00e4kerhet,fiber\/n\u00e4tverk <a href=\"https:\/\/www.telecenterab.se\/?page_id=442\" class=\"read-more below\">READ MORE<\/a><\/p>\n","protected":false},"author":3,"featured_media":0,"parent":57,"menu_order":2,"comment_status":"closed","ping_status":"closed","template":"","meta":{"_monsterinsights_skip_tracking":false,"_monsterinsights_sitenote_active":false,"_monsterinsights_sitenote_note":"","_monsterinsights_sitenote_category":0,"footnotes":""},"class_list":["post-442","page","type-page","status-publish","hentry"],"_links":{"self":[{"href":"https:\/\/www.telecenterab.se\/index.php?rest_route=\/wp\/v2\/pages\/442","targetHints":{"allow":["GET"]}}],"collection":[{"href":"https:\/\/www.telecenterab.se\/index.php?rest_route=\/wp\/v2\/pages"}],"about":[{"href":"https:\/\/www.telecenterab.se\/index.php?rest_route=\/wp\/v2\/types\/page"}],"author":[{"embeddable":true,"href":"https:\/\/www.telecenterab.se\/index.php?rest_route=\/wp\/v2\/users\/3"}],"replies":[{"embeddable":true,"href":"https:\/\/www.telecenterab.se\/index.php?rest_route=%2Fwp%2Fv2%2Fcomments&post=442"}],"version-history":[{"count":9,"href":"https:\/\/www.telecenterab.se\/index.php?rest_route=\/wp\/v2\/pages\/442\/revisions"}],"predecessor-version":[{"id":694,"href":"https:\/\/www.telecenterab.se\/index.php?rest_route=\/wp\/v2\/pages\/442\/revisions\/694"}],"up":[{"embeddable":true,"href":"https:\/\/www.telecenterab.se\/index.php?rest_route=\/wp\/v2\/pages\/57"}],"wp:attachment":[{"href":"https:\/\/www.telecenterab.se\/index.php?rest_route=%2Fwp%2Fv2%2Fmedia&parent=442"}],"curies":[{"name":"wp","href":"https:\/\/api.w.org\/{rel}","templated":true}]}}