{"id":1106,"date":"2025-01-10T13:39:44","date_gmt":"2025-01-10T12:39:44","guid":{"rendered":"https:\/\/www.telecenterab.se\/?page_id=1106"},"modified":"2025-01-10T14:07:29","modified_gmt":"2025-01-10T13:07:29","slug":"kamerabevakning","status":"publish","type":"page","link":"https:\/\/www.telecenterab.se\/?page_id=1106","title":{"rendered":"Kamerabevakning"},"content":{"rendered":"\n<p>Vi samlar in personuppgifter genom kamerabevakning med kameror som \u00e4r placerade utanf\u00f6r och inne i vissa av Telecenters kontor. Information om kamerabevakningen finns p\u00e5 skyltar i anslutning till omr\u00e5det.<\/p>\n\n\n\n<p>Vi st\u00f6djer oss p\u00e5 den r\u00e4ttsliga grunden ber\u00e4ttigat intresse. Behandlingen \u00e4r n\u00f6dv\u00e4ndig f\u00f6r \u00e4ndam\u00e5l som r\u00f6r v\u00e5rt ber\u00e4ttigade intresse av att f\u00f6rebygga och utreda brott. Vi har ett intresse av att uppn\u00e5 \u00f6kad trygghet och s\u00e4kerhet f\u00f6r v\u00e5ra medarbetare, kunder, leverant\u00f6rer och andra som vistas p\u00e5 v\u00e5ra omr\u00e5den. Kamerabevakningen \u00e4r en viktig del i detta tillsammans med andra \u00e5tg\u00e4rder s\u00e5 som passersystem, inbrottslarm och andra tekniska och organisatoriska skydds\u00e5tg\u00e4rder. Kamerabevakningen \u00e4r motiverad b\u00e5de utifr\u00e5n fastighetens placering och vikten av att h\u00e5lla fastigheten och dess v\u00e4rden v\u00e4l skyddade och detta bed\u00f6ms v\u00e4ga tyngre \u00e4n den enskildes intresse av att inte bli f\u00f6rem\u00e5l f\u00f6r personuppgiftsbehandling i samband med kamerabevakning. V\u00e5r behandling syftar till att inte vara mer omfattande \u00e4n vad \u00e4ndam\u00e5let kr\u00e4ver b\u00e5de vad g\u00e4ller tid f\u00f6r lagring av uppgifterna och den m\u00e4ngd uppgifter som samlas in.<\/p>\n\n\n\n<p>Det finns ingen skyldighet att kamerabevaka enligt lag eller avtal. Vi \u00f6verf\u00f6r inspelat material till t.ex. v\u00e5ra samarbetspartners f\u00f6r kamerabevakning och i f\u00f6rekommande fall till myndigheter i samband med brottsutredning. Vi \u00f6verf\u00f6r inte dina personuppgifter utanf\u00f6r EU\/EES.<\/p>\n\n\n\n<p>Informationen i form av r\u00f6rlig bild samlas in genom kamerabevakningen och lagras som l\u00e4ngst i 7 dagar fr\u00e5n insamlandet, om inget intr\u00e4ffar som g\u00f6r att vi beh\u00f6ver lagra materialet en l\u00e4ngre tid, exempelvis f\u00f6r att kunna tillvarata v\u00e5ra r\u00e4ttigheter eller g\u00f6ra g\u00e4llande eller f\u00f6rsvara r\u00e4ttsliga anspr\u00e5k. Material som brottsutredande myndighet kr\u00e4ver att vi l\u00e4mnar ut och\/eller lagrar enligt myndighetsbeslut kommer att lagras s\u00e5 l\u00e4nge det kr\u00e4vs f\u00f6r att tillgodose ett s\u00e5dant beslut.<\/p>\n\n\n\n<p>Som registrerad har du vissa r\u00e4ttigheter. R\u00e4ttigheterna utg\u00e5r fr\u00e5n dataskyddsf\u00f6rordningen och de framg\u00e5r nedan. N\u00e4r du vill utnyttja dina r\u00e4ttigheter \u00e4r du v\u00e4lkommen att kontakta oss, kontaktuppgifter hittar du under fliken <a href=\"https:\/\/www.telecenterab.se\/?page_id=616\" data-type=\"page\" data-id=\"616\">kontakta oss<\/a>.<\/p>\n\n\n\n<p>N\u00e4r du utnyttjar dina r\u00e4ttigheter \u00e4r v\u00e5r utg\u00e5ngspunkt att f\u00f6lja din beg\u00e4ran och \u00e5terkoppla till dig senast inom en m\u00e5nad fr\u00e5n det att du kontaktat oss. Hanteringen kan dr\u00f6ja upp till tre m\u00e5nader. I s\u00e5 fall kommer vi meddela dig om det. Vi kommer alltid att besvara din beg\u00e4ran skriftligen.<\/p>\n\n\n\n<p>Nedan beskrivs de olika r\u00e4ttigheter du kan ha n\u00e4r vi behandlar personuppgifter om dig.<\/p>\n\n\n\n<p>Beroende p\u00e5 vilken laglig grund vi st\u00f6djer v\u00e5r behandling p\u00e5 och \u00e4ndam\u00e5let med behandlingen kan det finnas undantag eller begr\u00e4nsningar till din m\u00f6jlighet att ut\u00f6va dina r\u00e4ttigheter.<\/p>\n\n\n\n<p>Om beg\u00e4ran \u00e4r uppenbart orimlig eller ogrundad, s\u00e4rskilt med tanke p\u00e5 om den sker p\u00e5 ett \u00e5terkommande s\u00e4tt, f\u00e5r vi antingen ta ut en avgift eller v\u00e4gra att tillm\u00f6tesg\u00e5 beg\u00e4ran. Vi ska i s\u00e5 fall kunna visa att beg\u00e4ran \u00e4r uppenbart ogrundad eller orimlig.<\/p>\n","protected":false},"excerpt":{"rendered":"<p>Vi samlar in personuppgifter genom kamerabevakning med kameror som \u00e4r placerade utanf\u00f6r och inne i vissa av Telecenters kontor. Information om kamerabevakningen finns p\u00e5 skyltar i anslutning till omr\u00e5det. Vi st\u00f6djer oss p\u00e5 den r\u00e4ttsliga grunden ber\u00e4ttigat intresse. Behandlingen \u00e4r n\u00f6dv\u00e4ndig f\u00f6r \u00e4ndam\u00e5l som r\u00f6r v\u00e5rt ber\u00e4ttigade intresse av att f\u00f6rebygga och utreda brott. Vi <a href=\"https:\/\/www.telecenterab.se\/?page_id=1106\" class=\"read-more below\">READ MORE<\/a><\/p>\n","protected":false},"author":3,"featured_media":0,"parent":0,"menu_order":0,"comment_status":"closed","ping_status":"closed","template":"","meta":{"_monsterinsights_skip_tracking":false,"_monsterinsights_sitenote_active":false,"_monsterinsights_sitenote_note":"","_monsterinsights_sitenote_category":0,"footnotes":""},"class_list":["post-1106","page","type-page","status-publish","hentry"],"_links":{"self":[{"href":"https:\/\/www.telecenterab.se\/index.php?rest_route=\/wp\/v2\/pages\/1106","targetHints":{"allow":["GET"]}}],"collection":[{"href":"https:\/\/www.telecenterab.se\/index.php?rest_route=\/wp\/v2\/pages"}],"about":[{"href":"https:\/\/www.telecenterab.se\/index.php?rest_route=\/wp\/v2\/types\/page"}],"author":[{"embeddable":true,"href":"https:\/\/www.telecenterab.se\/index.php?rest_route=\/wp\/v2\/users\/3"}],"replies":[{"embeddable":true,"href":"https:\/\/www.telecenterab.se\/index.php?rest_route=%2Fwp%2Fv2%2Fcomments&post=1106"}],"version-history":[{"count":1,"href":"https:\/\/www.telecenterab.se\/index.php?rest_route=\/wp\/v2\/pages\/1106\/revisions"}],"predecessor-version":[{"id":1108,"href":"https:\/\/www.telecenterab.se\/index.php?rest_route=\/wp\/v2\/pages\/1106\/revisions\/1108"}],"wp:attachment":[{"href":"https:\/\/www.telecenterab.se\/index.php?rest_route=%2Fwp%2Fv2%2Fmedia&parent=1106"}],"curies":[{"name":"wp","href":"https:\/\/api.w.org\/{rel}","templated":true}]}}